{"id":2,"date":"2021-12-28T10:55:22","date_gmt":"2021-12-28T10:55:22","guid":{"rendered":"http:\/\/future.bplaced.net\/?page_id=2"},"modified":"2025-01-30T14:57:22","modified_gmt":"2025-01-30T14:57:22","slug":"die-zukunftstransformation-erfolgreich-gestalten","status":"publish","type":"page","link":"https:\/\/www.futuresurance.de\/","title":{"rendered":""},"content":{"rendered":"<section id=\"hero\" style=\"text-align: center; padding: 80px 20px;\">\n<h1 style=\"font-size: 3em; font-weight: bold;\">innovativ. nachhaltig. zukunftsweisend.<\/h1>\n<\/section>\n<section id=\"mission\" style=\"padding: 60px 20px; max-width: 900px; margin: auto;\">\n<h2 style=\"text-align: center;\">Unsere Mission<\/h2>\n<p style=\"font-size: 1.2em; text-align: center;\">Wir begleiten Versicherungsunternehmen auf dem Weg in die Zukunft.<br \/>\nMit tiefem Branchenverst\u00e4ndnis, technologischer Expertise und einem klaren Fokus auf nachhaltige Wertsch\u00f6pfung entwickeln wir ma\u00dfgeschneiderte L\u00f6sungen f\u00fcr eine dynamische und zunehmend digitale Welt.<\/p>\n<\/section>\n<section id=\"mission\" style=\"padding: 60px 20px; max-width: 900px; margin: auto;\">\n<h2 style=\"text-align: center;\">Unser Mindset<\/h2>\n<p style=\"font-size: 1.2em; text-align: center;\">Wir stehen f\u00fcr eine Transformation, die nicht nur Effizienz und Wachstum steigert, sondern echte Mehrwerte schafft \u2013 f\u00fcr Unternehmen, Kunden und die Gesellschaft.<br \/>\nDer Mensch steht im Mittelpunkt jeder erfolgreichen Transformation. In einer Welt, die sich rasant digitalisiert, sind es nicht nur Technologien, die den Wandel vorantreiben, sondern vor allem Menschen mit ihren Potenzialen.<br \/>\nWir sind \u00fcberzeugt, dass Menschen tiefgreifende Ver\u00e4nderungen erfolgreich gestalten k\u00f6nnen \u2013 wenn sie eine klare Vision, Sinnhaftigkeit, Verantwortung, Offenheit, Mut und gemeinschaftliche Kultur vereinen.<br \/>\nWir vertrauen auf Menschen als Gestalter der Zukunft!<\/p>\n<\/section>\n","protected":false},"excerpt":{"rendered":"<p>innovativ. nachhaltig. zukunftsweisend. Unsere Mission Wir begleiten Versicherungsunternehmen auf dem Weg in die Zukunft. Mit tiefem Branchenverst\u00e4ndnis, technologischer Expertise und einem klaren Fokus auf nachhaltige&#8230; <a href=\"https:\/\/www.futuresurance.de\/\" class=\"bwp-excerpt-more-link\">Read more<\/a><\/p>\n","protected":false},"author":1,"featured_media":133,"parent":0,"menu_order":0,"comment_status":"closed","ping_status":"closed","template":"","meta":{"footnotes":""},"class_list":["post-2","page","type-page","status-publish","has-post-thumbnail","hentry","bwp-masonry-item","bwp-col-3"],"_links":{"self":[{"href":"https:\/\/www.futuresurance.de\/index.php?rest_route=\/wp\/v2\/pages\/2","targetHints":{"allow":["GET"]}}],"collection":[{"href":"https:\/\/www.futuresurance.de\/index.php?rest_route=\/wp\/v2\/pages"}],"about":[{"href":"https:\/\/www.futuresurance.de\/index.php?rest_route=\/wp\/v2\/types\/page"}],"author":[{"embeddable":true,"href":"https:\/\/www.futuresurance.de\/index.php?rest_route=\/wp\/v2\/users\/1"}],"replies":[{"embeddable":true,"href":"https:\/\/www.futuresurance.de\/index.php?rest_route=%2Fwp%2Fv2%2Fcomments&post=2"}],"version-history":[{"count":28,"href":"https:\/\/www.futuresurance.de\/index.php?rest_route=\/wp\/v2\/pages\/2\/revisions"}],"predecessor-version":[{"id":316,"href":"https:\/\/www.futuresurance.de\/index.php?rest_route=\/wp\/v2\/pages\/2\/revisions\/316"}],"wp:featuredmedia":[{"embeddable":true,"href":"https:\/\/www.futuresurance.de\/index.php?rest_route=\/wp\/v2\/media\/133"}],"wp:attachment":[{"href":"https:\/\/www.futuresurance.de\/index.php?rest_route=%2Fwp%2Fv2%2Fmedia&parent=2"}],"curies":[{"name":"wp","href":"https:\/\/api.w.org\/{rel}","templated":true}]}}