{"id":337,"date":"2025-01-30T16:11:09","date_gmt":"2025-01-30T16:11:09","guid":{"rendered":"http:\/\/www.futuresurance.de\/?page_id=337"},"modified":"2025-01-30T16:13:56","modified_gmt":"2025-01-30T16:13:56","slug":"digitalisierungs-und-innovationsmanagement","status":"publish","type":"page","link":"https:\/\/www.futuresurance.de\/?page_id=337","title":{"rendered":"Digitalisierungs- und Innovationsmanagement"},"content":{"rendered":"<section id=\"innovation\">\nDigitalisierung und Innovation sind entscheidend f\u00fcr die Zukunft der Versicherungsbranche. Die Einf\u00fchrung neuer Technologien muss mit einer innovationsf\u00f6rdernden Unternehmenskultur kombiniert werden.<\/p>\n<h2>Unser Beratungsansatz<\/h2>\n<ul>\n<li>Analyse des digitalen Reifegrads<\/li>\n<li>Erarbeitung einer Innovationsstrategie<\/li>\n<li>Implementierung digitaler Gesch\u00e4ftsmodelle<\/li>\n<li>Schaffung einer agilen und experimentierfreudigen Kultur<\/li>\n<\/ul>\n<h2>Ihr Nutzen<\/h2>\n<ul>\n<li>Steigerung der Innovationskraft<\/li>\n<li>Optimierung digitaler Prozesse<\/li>\n<li>Erh\u00f6hung der Marktattraktivit\u00e4t<\/li>\n<\/ul>\n<\/section>\n","protected":false},"excerpt":{"rendered":"<p>Digitalisierung und Innovation sind entscheidend f\u00fcr die Zukunft der Versicherungsbranche. Die Einf\u00fchrung neuer Technologien muss mit einer innovationsf\u00f6rdernden Unternehmenskultur kombiniert werden. Unser Beratungsansatz Analyse des&#8230; <a href=\"https:\/\/www.futuresurance.de\/?page_id=337\" class=\"bwp-excerpt-more-link\">Read more<\/a><\/p>\n","protected":false},"author":1,"featured_media":0,"parent":0,"menu_order":0,"comment_status":"closed","ping_status":"closed","template":"","meta":{"footnotes":""},"class_list":["post-337","page","type-page","status-publish","hentry","bwp-masonry-item","bwp-col-3"],"_links":{"self":[{"href":"https:\/\/www.futuresurance.de\/index.php?rest_route=\/wp\/v2\/pages\/337","targetHints":{"allow":["GET"]}}],"collection":[{"href":"https:\/\/www.futuresurance.de\/index.php?rest_route=\/wp\/v2\/pages"}],"about":[{"href":"https:\/\/www.futuresurance.de\/index.php?rest_route=\/wp\/v2\/types\/page"}],"author":[{"embeddable":true,"href":"https:\/\/www.futuresurance.de\/index.php?rest_route=\/wp\/v2\/users\/1"}],"replies":[{"embeddable":true,"href":"https:\/\/www.futuresurance.de\/index.php?rest_route=%2Fwp%2Fv2%2Fcomments&post=337"}],"version-history":[{"count":5,"href":"https:\/\/www.futuresurance.de\/index.php?rest_route=\/wp\/v2\/pages\/337\/revisions"}],"predecessor-version":[{"id":344,"href":"https:\/\/www.futuresurance.de\/index.php?rest_route=\/wp\/v2\/pages\/337\/revisions\/344"}],"wp:attachment":[{"href":"https:\/\/www.futuresurance.de\/index.php?rest_route=%2Fwp%2Fv2%2Fmedia&parent=337"}],"curies":[{"name":"wp","href":"https:\/\/api.w.org\/{rel}","templated":true}]}}