{"id":348,"date":"2025-01-30T16:18:35","date_gmt":"2025-01-30T16:18:35","guid":{"rendered":"http:\/\/www.futuresurance.de\/?page_id=348"},"modified":"2025-01-31T11:21:36","modified_gmt":"2025-01-31T11:21:36","slug":"datenstrategie-und-datenmanagement","status":"publish","type":"page","link":"https:\/\/www.futuresurance.de\/?page_id=348","title":{"rendered":"Datenstrategie und Datenmanagement"},"content":{"rendered":"\n<p>Daten sind das R\u00fcckgrat der digitalen Transformation. Versicherer m\u00fcssen in moderne Datenplattformen und Analysetools investieren, um ihre Gesch\u00e4ftsmodelle zukunftssicher zu machen.<\/p>\n\n\n\n<h2 class=\"wp-block-heading\">Unser Beratungsansatz<\/h2>\n\n\n\n<ul class=\"wp-block-list\"><li>Aufbau einer nachhaltigen Datenstrategie<\/li><li>Implementierung von Data Governance<\/li><li>Einf\u00fchrung von Big Data, Predictive Analytics und KI<\/li><\/ul>\n\n\n\n<h2 class=\"wp-block-heading\">Ihr Nutzen<\/h2>\n\n\n\n<ul class=\"wp-block-list\"><li>Verbesserte Entscheidungsfindung durch datengetriebene Insights<\/li><li>Erh\u00f6hte Effizienz in der Risikoanalyse<\/li><li>Personalisierte Kundenansprache<\/li><\/ul>\n","protected":false},"excerpt":{"rendered":"<p>Daten sind das R\u00fcckgrat der digitalen Transformation. Versicherer m\u00fcssen in moderne Datenplattformen und Analysetools investieren, um ihre Gesch\u00e4ftsmodelle zukunftssicher zu machen. Unser Beratungsansatz Aufbau einer&#8230; <a href=\"https:\/\/www.futuresurance.de\/?page_id=348\" class=\"bwp-excerpt-more-link\">Read more<\/a><\/p>\n","protected":false},"author":1,"featured_media":0,"parent":0,"menu_order":0,"comment_status":"closed","ping_status":"closed","template":"","meta":{"footnotes":""},"class_list":["post-348","page","type-page","status-publish","hentry","bwp-masonry-item","bwp-col-3"],"_links":{"self":[{"href":"https:\/\/www.futuresurance.de\/index.php?rest_route=\/wp\/v2\/pages\/348","targetHints":{"allow":["GET"]}}],"collection":[{"href":"https:\/\/www.futuresurance.de\/index.php?rest_route=\/wp\/v2\/pages"}],"about":[{"href":"https:\/\/www.futuresurance.de\/index.php?rest_route=\/wp\/v2\/types\/page"}],"author":[{"embeddable":true,"href":"https:\/\/www.futuresurance.de\/index.php?rest_route=\/wp\/v2\/users\/1"}],"replies":[{"embeddable":true,"href":"https:\/\/www.futuresurance.de\/index.php?rest_route=%2Fwp%2Fv2%2Fcomments&post=348"}],"version-history":[{"count":3,"href":"https:\/\/www.futuresurance.de\/index.php?rest_route=\/wp\/v2\/pages\/348\/revisions"}],"predecessor-version":[{"id":351,"href":"https:\/\/www.futuresurance.de\/index.php?rest_route=\/wp\/v2\/pages\/348\/revisions\/351"}],"wp:attachment":[{"href":"https:\/\/www.futuresurance.de\/index.php?rest_route=%2Fwp%2Fv2%2Fmedia&parent=348"}],"curies":[{"name":"wp","href":"https:\/\/api.w.org\/{rel}","templated":true}]}}