{"id":352,"date":"2025-01-30T16:19:19","date_gmt":"2025-01-30T16:19:19","guid":{"rendered":"http:\/\/www.futuresurance.de\/?page_id=352"},"modified":"2025-01-30T16:35:24","modified_gmt":"2025-01-30T16:35:24","slug":"it-entwicklungs-und-veranderungsprojekte","status":"publish","type":"page","link":"https:\/\/www.futuresurance.de\/?page_id=352","title":{"rendered":"IT-Entwicklungs- und Ver\u00e4nderungsprojekte"},"content":{"rendered":"\n<p>Die Einf\u00fchrung moderner IT-Architekturen ist entscheidend f\u00fcr die Zukunftsf\u00e4higkeit von Versicherungsunternehmen. Cloud-Technologien, APIs und Microservices erm\u00f6glichen agile und skalierbare IT-Systeme.<\/p>\n\n\n\n<h2 class=\"wp-block-heading\">Unser Beratungsansatz<\/h2>\n\n\n\n<ul class=\"wp-block-list\"><li>IT-Strategieentwicklung und Roadmapping<\/li><li>Implementierung von Cloud- und API-L\u00f6sungen<\/li><li>Konzeption und Umsetzung einer zukunftsf\u00e4higen Unternehmensarchitektur<\/li><li>Projektmanagement f\u00fcr IT-Transformationen<\/li><li>Programmmanagement f\u00fcr Bestandssystemeinf\u00fchrungen<\/li><\/ul>\n\n\n\n<h2 class=\"wp-block-heading\">Ihr Nutzen<\/h2>\n\n\n\n<ul class=\"wp-block-list\"><li>Agile und skalierbare IT-Systeme<\/li><li>Schnellere Reaktionsf\u00e4higkeit auf Marktver\u00e4nderungen<\/li><li>Effizienzsteigerung durch moderne IT-Infrastruktur<\/li><\/ul>\n","protected":false},"excerpt":{"rendered":"<p>Die Einf\u00fchrung moderner IT-Architekturen ist entscheidend f\u00fcr die Zukunftsf\u00e4higkeit von Versicherungsunternehmen. Cloud-Technologien, APIs und Microservices erm\u00f6glichen agile und skalierbare IT-Systeme. Unser Beratungsansatz IT-Strategieentwicklung und Roadmapping&#8230; <a href=\"https:\/\/www.futuresurance.de\/?page_id=352\" class=\"bwp-excerpt-more-link\">Read more<\/a><\/p>\n","protected":false},"author":1,"featured_media":0,"parent":0,"menu_order":0,"comment_status":"closed","ping_status":"closed","template":"","meta":{"footnotes":""},"class_list":["post-352","page","type-page","status-publish","hentry","bwp-masonry-item","bwp-col-3"],"_links":{"self":[{"href":"https:\/\/www.futuresurance.de\/index.php?rest_route=\/wp\/v2\/pages\/352","targetHints":{"allow":["GET"]}}],"collection":[{"href":"https:\/\/www.futuresurance.de\/index.php?rest_route=\/wp\/v2\/pages"}],"about":[{"href":"https:\/\/www.futuresurance.de\/index.php?rest_route=\/wp\/v2\/types\/page"}],"author":[{"embeddable":true,"href":"https:\/\/www.futuresurance.de\/index.php?rest_route=\/wp\/v2\/users\/1"}],"replies":[{"embeddable":true,"href":"https:\/\/www.futuresurance.de\/index.php?rest_route=%2Fwp%2Fv2%2Fcomments&post=352"}],"version-history":[{"count":4,"href":"https:\/\/www.futuresurance.de\/index.php?rest_route=\/wp\/v2\/pages\/352\/revisions"}],"predecessor-version":[{"id":378,"href":"https:\/\/www.futuresurance.de\/index.php?rest_route=\/wp\/v2\/pages\/352\/revisions\/378"}],"wp:attachment":[{"href":"https:\/\/www.futuresurance.de\/index.php?rest_route=%2Fwp%2Fv2%2Fmedia&parent=352"}],"curies":[{"name":"wp","href":"https:\/\/api.w.org\/{rel}","templated":true}]}}