{"id":355,"date":"2025-01-30T16:20:20","date_gmt":"2025-01-30T16:20:20","guid":{"rendered":"http:\/\/www.futuresurance.de\/?page_id=355"},"modified":"2025-01-30T16:20:20","modified_gmt":"2025-01-30T16:20:20","slug":"customer-experience-management-und-marketing","status":"publish","type":"page","link":"https:\/\/www.futuresurance.de\/?page_id=355","title":{"rendered":"Customer Experience Management und Marketing"},"content":{"rendered":"\n<p>Die Kundenerfahrung ist heute ein entscheidender Wettbewerbsfaktor. Versicherer m\u00fcssen personalisierte, nahtlose Erlebnisse \u00fcber alle Kan\u00e4le hinweg schaffen.<\/p>\n\n\n\n<h2 class=\"wp-block-heading\">Unser Beratungsansatz<\/h2>\n\n\n\n<ul class=\"wp-block-list\"><li>Customer Journey Mapping<\/li><li>Personalisierung durch KI-gest\u00fctzte Systeme<\/li><li>Optimierung der Omnichannel-Strategie<\/li><\/ul>\n\n\n\n<h2 class=\"wp-block-heading\">Ihr Nutzen<\/h2>\n\n\n\n<ul class=\"wp-block-list\"><li>Erh\u00f6hung der Kundenbindung<\/li><li>Optimierte Kundeninteraktion<\/li><li>Steigerung der Kundenzufriedenheit<\/li><\/ul>\n","protected":false},"excerpt":{"rendered":"<p>Die Kundenerfahrung ist heute ein entscheidender Wettbewerbsfaktor. Versicherer m\u00fcssen personalisierte, nahtlose Erlebnisse \u00fcber alle Kan\u00e4le hinweg schaffen. Unser Beratungsansatz Customer Journey Mapping Personalisierung durch KI-gest\u00fctzte&#8230; <a href=\"https:\/\/www.futuresurance.de\/?page_id=355\" class=\"bwp-excerpt-more-link\">Read more<\/a><\/p>\n","protected":false},"author":1,"featured_media":0,"parent":0,"menu_order":0,"comment_status":"closed","ping_status":"closed","template":"","meta":{"footnotes":""},"class_list":["post-355","page","type-page","status-publish","hentry","bwp-masonry-item","bwp-col-3"],"_links":{"self":[{"href":"https:\/\/www.futuresurance.de\/index.php?rest_route=\/wp\/v2\/pages\/355","targetHints":{"allow":["GET"]}}],"collection":[{"href":"https:\/\/www.futuresurance.de\/index.php?rest_route=\/wp\/v2\/pages"}],"about":[{"href":"https:\/\/www.futuresurance.de\/index.php?rest_route=\/wp\/v2\/types\/page"}],"author":[{"embeddable":true,"href":"https:\/\/www.futuresurance.de\/index.php?rest_route=\/wp\/v2\/users\/1"}],"replies":[{"embeddable":true,"href":"https:\/\/www.futuresurance.de\/index.php?rest_route=%2Fwp%2Fv2%2Fcomments&post=355"}],"version-history":[{"count":1,"href":"https:\/\/www.futuresurance.de\/index.php?rest_route=\/wp\/v2\/pages\/355\/revisions"}],"predecessor-version":[{"id":356,"href":"https:\/\/www.futuresurance.de\/index.php?rest_route=\/wp\/v2\/pages\/355\/revisions\/356"}],"wp:attachment":[{"href":"https:\/\/www.futuresurance.de\/index.php?rest_route=%2Fwp%2Fv2%2Fmedia&parent=355"}],"curies":[{"name":"wp","href":"https:\/\/api.w.org\/{rel}","templated":true}]}}