{"id":357,"date":"2025-01-30T16:22:25","date_gmt":"2025-01-30T16:22:25","guid":{"rendered":"http:\/\/www.futuresurance.de\/?page_id=357"},"modified":"2025-01-30T16:41:26","modified_gmt":"2025-01-30T16:41:26","slug":"agile-transformation-und-new-work","status":"publish","type":"page","link":"https:\/\/www.futuresurance.de\/?page_id=357","title":{"rendered":"Agile Transformation und New Work"},"content":{"rendered":"<section id=\"agile-new-work\">Die Arbeitswelt ver\u00e4ndert sich rasant \u2013 neue Technologien, ver\u00e4nderte Kundenanforderungen und eine zunehmend dynamische Marktumgebung erfordern ein radikales Umdenken in Organisationen. Agile Transformation und New Work sind Schl\u00fcsselkonzepte, die Unternehmen dabei helfen, flexibler, innovativer und anpassungsf\u00e4higer zu werden. Versicherungsunternehmen, die diese Prinzipien erfolgreich implementieren, k\u00f6nnen schneller auf Ver\u00e4nderungen reagieren, ihre Mitarbeiter:innen st\u00e4rken und eine Kultur der kontinuierlichen Verbesserung etablieren.<\/p>\n<h2>Unser Beratungsansatz<\/h2>\n<ul>\n<li><strong>Analyse der Unternehmenskultur und Strukturen<\/strong> \u2013 Identifikation von St\u00e4rken, Schw\u00e4chen und Potenzialen in bestehenden Arbeitsweisen.<\/li>\n<li><strong>Entwicklung eines ma\u00dfgeschneiderten Agilit\u00e4tskonzepts<\/strong> \u2013 Definition von Zielen, Frameworks (Scrum, Kanban, SAFe) und Roadmaps f\u00fcr die agile Transformation.<\/li>\n<li><strong>Einf\u00fchrung agiler Methoden und New-Work-Konzepte<\/strong> \u2013 Etablierung flexibler Arbeitsmodelle, selbstorganisierter Teams und digitaler Kollaborationstools.<\/li>\n<li><strong>Change-Management und kultureller Wandel<\/strong> \u2013 Begleitung von F\u00fchrungskr\u00e4ften und Teams im Transformationsprozess, um Widerst\u00e4nde zu minimieren und Akzeptanz zu schaffen.<\/li>\n<li><strong>Messung und kontinuierliche Optimierung<\/strong> \u2013 Einsatz von KPIs, Retrospektiven und Feedback-Loops zur stetigen Verbesserung agiler Strukturen.<\/li>\n<\/ul>\n<h2>Ihr Nutzen<\/h2>\n<ul>\n<li><strong>Erh\u00f6hte Flexibilit\u00e4t und Anpassungsf\u00e4higkeit<\/strong> \u2013 Unternehmen k\u00f6nnen schneller auf Marktver\u00e4nderungen reagieren.<\/li>\n<li><strong>H\u00f6here Innovationskraft<\/strong> \u2013 Durch interdisziplin\u00e4re Zusammenarbeit und iterative Prozesse entstehen kontinuierlich neue Ideen.<\/li>\n<li><strong>Motiviertere und produktivere Teams<\/strong> \u2013 Selbstorganisation und Eigenverantwortung f\u00f6rdern die Mitarbeiterzufriedenheit.<\/li>\n<li><strong>Effizientere Prozesse und schnellere Entscheidungen<\/strong> \u2013 B\u00fcrokratische H\u00fcrden werden abgebaut, die Umsetzungsgeschwindigkeit erh\u00f6ht sich.<\/li>\n<li><strong>Bessere Kundenorientierung<\/strong> \u2013 Agile Unternehmen k\u00f6nnen Kundenfeedback schneller integrieren und ma\u00dfgeschneiderte L\u00f6sungen entwickeln.<\/li>\n<\/ul>\n<p>Agilit\u00e4t und New Work sind kein Trend, sondern die Zukunft erfolgreicher Unternehmen. Lassen Sie uns gemeinsam Ihre Organisation f\u00fcr die Arbeitswelt von morgen aufstellen.<\/p>\n<\/section>\n","protected":false},"excerpt":{"rendered":"<p>Die Arbeitswelt ver\u00e4ndert sich rasant \u2013 neue Technologien, ver\u00e4nderte Kundenanforderungen und eine zunehmend dynamische Marktumgebung erfordern ein radikales Umdenken in Organisationen. Agile Transformation und New&#8230; <a href=\"https:\/\/www.futuresurance.de\/?page_id=357\" class=\"bwp-excerpt-more-link\">Read more<\/a><\/p>\n","protected":false},"author":1,"featured_media":0,"parent":0,"menu_order":0,"comment_status":"closed","ping_status":"closed","template":"","meta":{"footnotes":""},"class_list":["post-357","page","type-page","status-publish","hentry","bwp-masonry-item","bwp-col-3"],"_links":{"self":[{"href":"https:\/\/www.futuresurance.de\/index.php?rest_route=\/wp\/v2\/pages\/357","targetHints":{"allow":["GET"]}}],"collection":[{"href":"https:\/\/www.futuresurance.de\/index.php?rest_route=\/wp\/v2\/pages"}],"about":[{"href":"https:\/\/www.futuresurance.de\/index.php?rest_route=\/wp\/v2\/types\/page"}],"author":[{"embeddable":true,"href":"https:\/\/www.futuresurance.de\/index.php?rest_route=\/wp\/v2\/users\/1"}],"replies":[{"embeddable":true,"href":"https:\/\/www.futuresurance.de\/index.php?rest_route=%2Fwp%2Fv2%2Fcomments&post=357"}],"version-history":[{"count":3,"href":"https:\/\/www.futuresurance.de\/index.php?rest_route=\/wp\/v2\/pages\/357\/revisions"}],"predecessor-version":[{"id":382,"href":"https:\/\/www.futuresurance.de\/index.php?rest_route=\/wp\/v2\/pages\/357\/revisions\/382"}],"wp:attachment":[{"href":"https:\/\/www.futuresurance.de\/index.php?rest_route=%2Fwp%2Fv2%2Fmedia&parent=357"}],"curies":[{"name":"wp","href":"https:\/\/api.w.org\/{rel}","templated":true}]}}