{"id":379,"date":"2025-01-30T16:40:32","date_gmt":"2025-01-30T16:40:32","guid":{"rendered":"http:\/\/www.futuresurance.de\/?page_id=379"},"modified":"2025-01-30T16:42:35","modified_gmt":"2025-01-30T16:42:35","slug":"okosysteme-embedded-insurance-und-plattformstrategien","status":"publish","type":"page","link":"https:\/\/www.futuresurance.de\/?page_id=379","title":{"rendered":"Embedded Insurance und Plattformstrategien"},"content":{"rendered":"<section id=\"ecosystems-platforms\">Die Versicherungsbranche steht vor einer tiefgreifenden Transformation, in der \u00d6kosysteme, Embedded Insurance und Plattformstrategien eine zentrale Rolle spielen. Versicherer m\u00fcssen sich von klassischen Gesch\u00e4ftsmodellen l\u00f6sen und innovative Partnerschaften eingehen, um Kunden nahtlose, integrierte und bedarfsgerechte L\u00f6sungen anzubieten.<\/p>\n<h2>Unser Beratungsansatz<\/h2>\n<ul>\n<li><strong>Analyse der Markt- und Kundenbed\u00fcrfnisse<\/strong> \u2013 Identifikation relevanter Partner und Touchpoints f\u00fcr Embedded Insurance.<\/li>\n<li><strong>Entwicklung von \u00d6kosystem-Strategien<\/strong> \u2013 Definition von Kooperationsmodellen und digitalen Wertsch\u00f6pfungsketten.<\/li>\n<li><strong>Integration in bestehende Plattformen<\/strong> \u2013 Implementierung von API-basierten Versicherungsprodukten in digitale Plattformen und Partnerl\u00f6sungen.<\/li>\n<li><strong>Technologie- und Datenstrategie<\/strong> \u2013 Nutzung von Echtzeit-Daten und KI zur Optimierung von Angebot und Pricing.<\/li>\n<li><strong>Regulatorische und Compliance-Beratung<\/strong> \u2013 Sicherstellung der Einhaltung gesetzlicher Vorgaben bei der Implementierung neuer Gesch\u00e4ftsmodelle.<\/li>\n<\/ul>\n<h2>Ihr Nutzen<\/h2>\n<ul>\n<li><strong>Neue Umsatzquellen durch digitale Vertriebskan\u00e4le<\/strong> \u2013 Integration von Versicherungsprodukten in allt\u00e4gliche Customer Journeys.<\/li>\n<li><strong>H\u00f6here Kundenzufriedenheit<\/strong> \u2013 Versicherungen werden dort angeboten, wo Kunden sie ben\u00f6tigen, mit weniger administrativem Aufwand.<\/li>\n<li><strong>Skalierbarkeit durch digitale Plattformen<\/strong> \u2013 Zugang zu neuen M\u00e4rkten und Kundengruppen \u00fcber \u00d6kosysteme und Partnernetzwerke.<\/li>\n<li><strong>Effiziente Prozesse<\/strong> \u2013 Automatisierte Vertragsabschl\u00fcsse und Schadenregulierungen reduzieren Kosten und verbessern die Customer Experience.<\/li>\n<li><strong>Innovationskraft<\/strong> \u2013 Wettbewerbsf\u00e4higkeit durch datengetriebene, flexible Gesch\u00e4ftsmodelle.<\/li>\n<\/ul>\n<p>Die Zukunft der Versicherungsbranche liegt in der intelligenten Vernetzung von Services. Wir begleiten Sie auf dem Weg zu einem digitalen, plattformbasierten Gesch\u00e4ftsmodell.<\/p>\n<\/section>\n","protected":false},"excerpt":{"rendered":"<p>Die Versicherungsbranche steht vor einer tiefgreifenden Transformation, in der \u00d6kosysteme, Embedded Insurance und Plattformstrategien eine zentrale Rolle spielen. Versicherer m\u00fcssen sich von klassischen Gesch\u00e4ftsmodellen l\u00f6sen&#8230; <a href=\"https:\/\/www.futuresurance.de\/?page_id=379\" class=\"bwp-excerpt-more-link\">Read more<\/a><\/p>\n","protected":false},"author":1,"featured_media":0,"parent":0,"menu_order":0,"comment_status":"closed","ping_status":"closed","template":"","meta":{"footnotes":""},"class_list":["post-379","page","type-page","status-publish","hentry","bwp-masonry-item","bwp-col-3"],"_links":{"self":[{"href":"https:\/\/www.futuresurance.de\/index.php?rest_route=\/wp\/v2\/pages\/379","targetHints":{"allow":["GET"]}}],"collection":[{"href":"https:\/\/www.futuresurance.de\/index.php?rest_route=\/wp\/v2\/pages"}],"about":[{"href":"https:\/\/www.futuresurance.de\/index.php?rest_route=\/wp\/v2\/types\/page"}],"author":[{"embeddable":true,"href":"https:\/\/www.futuresurance.de\/index.php?rest_route=\/wp\/v2\/users\/1"}],"replies":[{"embeddable":true,"href":"https:\/\/www.futuresurance.de\/index.php?rest_route=%2Fwp%2Fv2%2Fcomments&post=379"}],"version-history":[{"count":3,"href":"https:\/\/www.futuresurance.de\/index.php?rest_route=\/wp\/v2\/pages\/379\/revisions"}],"predecessor-version":[{"id":384,"href":"https:\/\/www.futuresurance.de\/index.php?rest_route=\/wp\/v2\/pages\/379\/revisions\/384"}],"wp:attachment":[{"href":"https:\/\/www.futuresurance.de\/index.php?rest_route=%2Fwp%2Fv2%2Fmedia&parent=379"}],"curies":[{"name":"wp","href":"https:\/\/api.w.org\/{rel}","templated":true}]}}